{"id":11,"date":"2020-05-15T13:36:56","date_gmt":"2020-05-15T11:36:56","guid":{"rendered":"https:\/\/satelittle.digitis.net\/?page_id=11"},"modified":"2025-02-20T09:53:36","modified_gmt":"2025-02-20T08:53:36","slug":"inicio","status":"publish","type":"page","link":"https:\/\/vigorous-liskov.93-95-208-88.plesk.page\/es\/","title":{"rendered":"Inicio"},"content":{"rendered":"\t<section class=\"section deg-1 no-padding-top portada-home dark is-full-height\" id=\"section_1435693148\">\n\t\t<div class=\"bg section-bg fill bg-fill  bg-loaded\" >\n\n\t\t\t\n\t\t\t<button class=\"scroll-for-more z-5 icon absolute bottom h-center\"><i class=\"icon-angle-down\" style=\"font-size:42px;\"><\/i><\/button>\n\t\t\t\n\n\t\t<\/div>\n\n\t\t<div class=\"section-content relative\">\n\t\t\t\n<div class=\"row\"  id=\"row-1428403007\">\n\n\t<div id=\"col-1135269028\" class=\"col animacion-home small-12 large-12\"  >\n\t\t<div class=\"col-inner text-center\"  >\n\t\t\t\n\t\t\t\n<div id=\"anim-69ec18cfb08d4\" class=\"wpbdmv-animation align-center renderer-svg\" style=\"max-width: 100%; margin-right: auto; margin-left: auto;\"><\/div>\n\t\t<\/div>\n\t\t\t<\/div>\n\n\t\n<\/div>\n\t\t<\/div>\n\n\t\t\n<style>\n#section_1435693148 {\n  padding-top: 30px;\n  padding-bottom: 30px;\n  min-height: 100vh;\n  background-color: #dcdada;\n}\n<\/style>\n\t<\/section>\n\t\n\t<section class=\"section deg-2\" id=\"section_1748729659\">\n\t\t<div class=\"bg section-bg fill bg-fill  bg-loaded\" >\n\n\t\t\t\n\t\t\t\n\t\t\t\n\n\t\t<\/div>\n\n\t\t<div class=\"section-content relative\">\n\t\t\t\n<div class=\"row\"  id=\"row-393278813\">\n\n\t<div id=\"col-615596868\" class=\"col small-12 large-12\"  >\n\t\t<div class=\"col-inner text-center\"  >\n\t\t\t\n\t\t\t\n<div class=\"slider-wrapper relative\" id=\"slider-1469259890\" >\n    <div class=\"slider slider-nav-simple slider-nav-large slider-nav-dark slider-style-normal\"\n        data-flickity-options='{\n            \"cellAlign\": \"center\",\n            \"imagesLoaded\": true,\n            \"lazyLoad\": 1,\n            \"freeScroll\": false,\n            \"wrapAround\": true,\n            \"autoPlay\": false,\n            \"pauseAutoPlayOnHover\" : false,\n            \"prevNextButtons\": true,\n            \"contain\" : true,\n            \"adaptiveHeight\" : true,\n            \"dragThreshold\" : 10,\n            \"percentPosition\": true,\n            \"pageDots\": true,\n            \"rightToLeft\": false,\n            \"draggable\": true,\n            \"selectedAttraction\": 0.1,\n            \"parallax\" : 0,\n            \"friction\": 0.6        }'\n        >\n        \n\n  <div class=\"banner has-hover\" id=\"banner-1494127133\">\n          <div class=\"banner-inner fill\">\n        <div class=\"banner-bg fill\" >\n            <div class=\"bg fill bg-fill \"><\/div>\n                                    \n                    <\/div>\n        <div class=\"banner-layers container\">\n            <div class=\"fill banner-link\"><\/div>            \n   <div id=\"text-box-933927838\" class=\"text-box banner-layer x95 md-x95 lg-x95 y50 md-y50 lg-y50 res-text\">\n                                <div class=\"text \">\n              \n              <div class=\"text-inner text-center\">\n                  \n<h3 style=\"font-size: var(--font-size-h1);\">NEW<br \/>\nSEASON<\/h3>\n<a href=\"https:\/\/vigorous-liskov.93-95-208-88.plesk.page\/es\/trendbooks\/baby-newborn\/\" target=\"_self\" class=\"button white is-outline\"  style=\"padding:0px 50px 0px 50px;\">\n    <span>more info<\/span>\n  <\/a>\n\n              <\/div>\n           <\/div>\n                            \n<style>\n#text-box-933927838 {\n  width: 60%;\n}\n#text-box-933927838 .text {\n  font-size: 100%;\n}\n<\/style>\n    <\/div>\n \n        <\/div>\n      <\/div>\n\n            \n<style>\n#banner-1494127133 {\n  padding-top: 105%;\n  background-color: rgba(0, 0, 0, 0.05);\n}\n#banner-1494127133 .bg.bg-loaded {\n  background-image: url(https:\/\/vigorous-liskov.93-95-208-88.plesk.page\/wp-content\/uploads\/2025\/02\/AW26-27-TRENDBOOK-scaled.jpg);\n}\n@media (min-width:550px) {\n  #banner-1494127133 {\n    padding-top: 56.25%;\n  }\n}\n<\/style>\n  <\/div>\n\n\n\n\n\n     <\/div>\n\n     <div class=\"loading-spin dark large centered\"><\/div>\n\n     <\/div>\n\n\n\t\t<\/div>\n\t\t\t<\/div>\n\n\t\n<\/div>\n\t\t<\/div>\n\n\t\t\n<style>\n#section_1748729659 {\n  padding-top: 50px;\n  padding-bottom: 50px;\n}\n<\/style>\n\t<\/section>\n\t\n\t<section class=\"section deg-3\" id=\"section_1001771816\">\n\t\t<div class=\"bg section-bg fill bg-fill  bg-loaded\" >\n\n\t\t\t\n\t\t\t\n\t\t\t\n\n\t\t<\/div>\n\n\t\t<div class=\"section-content relative\">\n\t\t\t\n\t<div id=\"gap-32952441\" class=\"gap-element clearfix\" style=\"display:block; height:auto;\">\n\t\t\n<style>\n#gap-32952441 {\n  padding-top: 0vh;\n}\n@media (min-width:550px) {\n  #gap-32952441 {\n    padding-top: 15vh;\n  }\n}\n<\/style>\n\t<\/div>\n\t\n<div class=\"row\"  id=\"row-461911864\">\n\n\t<div id=\"col-2042205927\" class=\"col white-text small-12 large-12\"  data-animate=\"fadeInUp\">\n\t\t<div class=\"col-inner text-center\"  >\n\t\t\t\n\t\t\t\n<h2 class=\"dark\" style=\"font-size: var(--font-size-h1);\">Satelittle: la uni\u00f3n de sat\u00e9lite y <span class=\"txt-negro icon pequeno\">peque\u00f1o.<div id=\"anim-69ec18cfb1a45\" class=\"wpbdmv-animation align-left renderer-svg\" style=\"max-width: 90px;\"><\/div><\/span><\/h2>\n<h2 class=\"dark\" style=\"font-size: var(--font-size-h1);\">Sat\u00e9lite natural: persona o cosa que depende de otra y se somete a su <span class=\"txt-negro icon influencia\">influencia,<div id=\"anim-69ec18cfb1c24\" class=\"wpbdmv-animation align-left renderer-svg\" style=\"max-width: 215px;\"><\/div><\/span> la sigue o <span class=\"txt-negro icon acompana\">acompa\u00f1a<div id=\"anim-69ec18cfb24d9\" class=\"wpbdmv-animation align-left renderer-svg\" style=\"max-width: 110px;\"><\/div><\/span> continuamente.<\/h2>\n<h2 class=\"dark\" style=\"font-size: var(--font-size-h1);\">Sat\u00e9lite artificial: aparato en \u00f3rbita que recoge <span class=\"txt-negro icon informacion\">informaci\u00f3n<div id=\"anim-69ec18cfb2762\" class=\"wpbdmv-animation align-left renderer-svg\" style=\"max-width: 110px;\"><\/div><\/span> constantemente y la <span class=\"txt-negro icon retransmite\">retransmite.<div id=\"anim-69ec18cfb29db\" class=\"wpbdmv-animation align-left renderer-svg\" style=\"max-width: 170px;\"><\/div><\/span><\/h2>\n\t\t<\/div>\n\t\t\t<\/div>\n\n\t\n<\/div>\n\t<div id=\"gap-1999009906\" class=\"gap-element clearfix\" style=\"display:block; height:auto;\">\n\t\t\n<style>\n#gap-1999009906 {\n  padding-top: 0vh;\n}\n@media (min-width:550px) {\n  #gap-1999009906 {\n    padding-top: 5vh;\n  }\n}\n<\/style>\n\t<\/div>\n\t\n\t\t<\/div>\n\n\t\t\n<style>\n#section_1001771816 {\n  padding-top: 50px;\n  padding-bottom: 50px;\n}\n<\/style>\n\t<\/section>\n\t\n\t<section class=\"section deg-4\" id=\"section_1423309768\">\n\t\t<div class=\"bg section-bg fill bg-fill  bg-loaded\" >\n\n\t\t\t\n\t\t\t\n\t\t\t\n\n\t\t<\/div>\n\n\t\t<div class=\"section-content relative\">\n\t\t\t\n\t<div id=\"gap-478657402\" class=\"gap-element clearfix\" style=\"display:block; height:auto;\">\n\t\t\n<style>\n#gap-478657402 {\n  padding-top: 25vh;\n}\n@media (min-width:550px) {\n  #gap-478657402 {\n    padding-top: 20vh;\n  }\n}\n<\/style>\n\t<\/div>\n\t\n\n\n\t<div id=\"gap-1542782332\" class=\"gap-element clearfix hidden\" style=\"display:block; height:auto;\">\n\t\t\n<style>\n#gap-1542782332 {\n  padding-top: 30vh;\n}\n@media (min-width:550px) {\n  #gap-1542782332 {\n    padding-top: 17vh;\n  }\n}\n<\/style>\n\t<\/div>\n\t\n\t\t<\/div>\n\n\t\t\n<style>\n#section_1423309768 {\n  padding-top: 0px;\n  padding-bottom: 0px;\n}\n<\/style>\n\t<\/section>\n\t\n","protected":false},"excerpt":{"rendered":"","protected":false},"author":1,"featured_media":0,"parent":0,"menu_order":0,"comment_status":"closed","ping_status":"closed","template":"page-transparent-header.php","meta":{"_acf_changed":false,"footnotes":""},"class_list":["post-11","page","type-page","status-publish","hentry"],"acf":[],"yoast_head":"<!-- This site is optimized with the Yoast SEO plugin v27.4 - https:\/\/yoast.com\/product\/yoast-seo-wordpress\/ -->\n<title>Satelittle - We Think &amp; Create<\/title>\n<meta name=\"description\" content=\"Satelittle, agencia internacional de Dise\u00f1o y Tendencias especializada en el sector infantil. Haz clic aqu\u00ed para saber m\u00e1s.\" \/>\n<meta name=\"robots\" content=\"index, follow, max-snippet:-1, max-image-preview:large, max-video-preview:-1\" \/>\n<link rel=\"canonical\" href=\"https:\/\/vigorous-liskov.93-95-208-88.plesk.page\/es\/\" \/>\n<meta property=\"og:locale\" content=\"es_ES\" \/>\n<meta property=\"og:type\" content=\"article\" \/>\n<meta property=\"og:title\" content=\"Satelittle - We Think &amp; Create\" \/>\n<meta property=\"og:description\" content=\"Satelittle, agencia internacional de Dise\u00f1o y Tendencias especializada en el sector infantil. Haz clic aqu\u00ed para saber m\u00e1s.\" \/>\n<meta property=\"og:url\" content=\"https:\/\/vigorous-liskov.93-95-208-88.plesk.page\/es\/\" \/>\n<meta property=\"og:site_name\" content=\"Satelittle\" \/>\n<meta property=\"article:modified_time\" content=\"2025-02-20T08:53:36+00:00\" \/>\n<meta name=\"twitter:card\" content=\"summary_large_image\" \/>\n<meta name=\"twitter:label1\" content=\"Tiempo de lectura\" \/>\n\t<meta name=\"twitter:data1\" content=\"2 minutos\" \/>\n<script type=\"application\/ld+json\" class=\"yoast-schema-graph\">{\"@context\":\"https:\\\/\\\/schema.org\",\"@graph\":[{\"@type\":\"WebPage\",\"@id\":\"https:\\\/\\\/vigorous-liskov.93-95-208-88.plesk.page\\\/es\\\/\",\"url\":\"https:\\\/\\\/vigorous-liskov.93-95-208-88.plesk.page\\\/es\\\/\",\"name\":\"Satelittle - We Think & Create\",\"isPartOf\":{\"@id\":\"https:\\\/\\\/vigorous-liskov.93-95-208-88.plesk.page\\\/#website\"},\"datePublished\":\"2020-05-15T11:36:56+00:00\",\"dateModified\":\"2025-02-20T08:53:36+00:00\",\"description\":\"Satelittle, agencia internacional de Dise\u00f1o y Tendencias especializada en el sector infantil. Haz clic aqu\u00ed para saber m\u00e1s.\",\"breadcrumb\":{\"@id\":\"https:\\\/\\\/vigorous-liskov.93-95-208-88.plesk.page\\\/es\\\/#breadcrumb\"},\"inLanguage\":\"es\",\"potentialAction\":[{\"@type\":\"ReadAction\",\"target\":[\"https:\\\/\\\/vigorous-liskov.93-95-208-88.plesk.page\\\/es\\\/\"]}]},{\"@type\":\"BreadcrumbList\",\"@id\":\"https:\\\/\\\/vigorous-liskov.93-95-208-88.plesk.page\\\/es\\\/#breadcrumb\",\"itemListElement\":[{\"@type\":\"ListItem\",\"position\":1,\"name\":\"Portada\",\"item\":\"https:\\\/\\\/vigorous-liskov.93-95-208-88.plesk.page\\\/es\\\/\"},{\"@type\":\"ListItem\",\"position\":2,\"name\":\"Inicio\"}]},{\"@type\":\"WebSite\",\"@id\":\"https:\\\/\\\/vigorous-liskov.93-95-208-88.plesk.page\\\/#website\",\"url\":\"https:\\\/\\\/vigorous-liskov.93-95-208-88.plesk.page\\\/\",\"name\":\"Satelittle\",\"description\":\"We think &amp; create\",\"publisher\":{\"@id\":\"https:\\\/\\\/vigorous-liskov.93-95-208-88.plesk.page\\\/#organization\"},\"potentialAction\":[{\"@type\":\"SearchAction\",\"target\":{\"@type\":\"EntryPoint\",\"urlTemplate\":\"https:\\\/\\\/vigorous-liskov.93-95-208-88.plesk.page\\\/?s={search_term_string}\"},\"query-input\":{\"@type\":\"PropertyValueSpecification\",\"valueRequired\":true,\"valueName\":\"search_term_string\"}}],\"inLanguage\":\"es\"},{\"@type\":\"Organization\",\"@id\":\"https:\\\/\\\/vigorous-liskov.93-95-208-88.plesk.page\\\/#organization\",\"name\":\"Satelittle\",\"url\":\"https:\\\/\\\/vigorous-liskov.93-95-208-88.plesk.page\\\/\",\"logo\":{\"@type\":\"ImageObject\",\"inLanguage\":\"es\",\"@id\":\"https:\\\/\\\/vigorous-liskov.93-95-208-88.plesk.page\\\/#\\\/schema\\\/logo\\\/image\\\/\",\"url\":\"https:\\\/\\\/vigorous-liskov.93-95-208-88.plesk.page\\\/wp-content\\\/uploads\\\/2020\\\/11\\\/logo-satelittle-dark.svg\",\"contentUrl\":\"https:\\\/\\\/vigorous-liskov.93-95-208-88.plesk.page\\\/wp-content\\\/uploads\\\/2020\\\/11\\\/logo-satelittle-dark.svg\",\"width\":298,\"height\":76,\"caption\":\"Satelittle\"},\"image\":{\"@id\":\"https:\\\/\\\/vigorous-liskov.93-95-208-88.plesk.page\\\/#\\\/schema\\\/logo\\\/image\\\/\"}}]}<\/script>\n<!-- \/ Yoast SEO plugin. -->","yoast_head_json":{"title":"Satelittle - We Think & Create","description":"Satelittle, agencia internacional de Dise\u00f1o y Tendencias especializada en el sector infantil. Haz clic aqu\u00ed para saber m\u00e1s.","robots":{"index":"index","follow":"follow","max-snippet":"max-snippet:-1","max-image-preview":"max-image-preview:large","max-video-preview":"max-video-preview:-1"},"canonical":"https:\/\/vigorous-liskov.93-95-208-88.plesk.page\/es\/","og_locale":"es_ES","og_type":"article","og_title":"Satelittle - We Think & Create","og_description":"Satelittle, agencia internacional de Dise\u00f1o y Tendencias especializada en el sector infantil. Haz clic aqu\u00ed para saber m\u00e1s.","og_url":"https:\/\/vigorous-liskov.93-95-208-88.plesk.page\/es\/","og_site_name":"Satelittle","article_modified_time":"2025-02-20T08:53:36+00:00","twitter_card":"summary_large_image","twitter_misc":{"Tiempo de lectura":"2 minutos"},"schema":{"@context":"https:\/\/schema.org","@graph":[{"@type":"WebPage","@id":"https:\/\/vigorous-liskov.93-95-208-88.plesk.page\/es\/","url":"https:\/\/vigorous-liskov.93-95-208-88.plesk.page\/es\/","name":"Satelittle - We Think & Create","isPartOf":{"@id":"https:\/\/vigorous-liskov.93-95-208-88.plesk.page\/#website"},"datePublished":"2020-05-15T11:36:56+00:00","dateModified":"2025-02-20T08:53:36+00:00","description":"Satelittle, agencia internacional de Dise\u00f1o y Tendencias especializada en el sector infantil. Haz clic aqu\u00ed para saber m\u00e1s.","breadcrumb":{"@id":"https:\/\/vigorous-liskov.93-95-208-88.plesk.page\/es\/#breadcrumb"},"inLanguage":"es","potentialAction":[{"@type":"ReadAction","target":["https:\/\/vigorous-liskov.93-95-208-88.plesk.page\/es\/"]}]},{"@type":"BreadcrumbList","@id":"https:\/\/vigorous-liskov.93-95-208-88.plesk.page\/es\/#breadcrumb","itemListElement":[{"@type":"ListItem","position":1,"name":"Portada","item":"https:\/\/vigorous-liskov.93-95-208-88.plesk.page\/es\/"},{"@type":"ListItem","position":2,"name":"Inicio"}]},{"@type":"WebSite","@id":"https:\/\/vigorous-liskov.93-95-208-88.plesk.page\/#website","url":"https:\/\/vigorous-liskov.93-95-208-88.plesk.page\/","name":"Satelittle","description":"We think &amp; create","publisher":{"@id":"https:\/\/vigorous-liskov.93-95-208-88.plesk.page\/#organization"},"potentialAction":[{"@type":"SearchAction","target":{"@type":"EntryPoint","urlTemplate":"https:\/\/vigorous-liskov.93-95-208-88.plesk.page\/?s={search_term_string}"},"query-input":{"@type":"PropertyValueSpecification","valueRequired":true,"valueName":"search_term_string"}}],"inLanguage":"es"},{"@type":"Organization","@id":"https:\/\/vigorous-liskov.93-95-208-88.plesk.page\/#organization","name":"Satelittle","url":"https:\/\/vigorous-liskov.93-95-208-88.plesk.page\/","logo":{"@type":"ImageObject","inLanguage":"es","@id":"https:\/\/vigorous-liskov.93-95-208-88.plesk.page\/#\/schema\/logo\/image\/","url":"https:\/\/vigorous-liskov.93-95-208-88.plesk.page\/wp-content\/uploads\/2020\/11\/logo-satelittle-dark.svg","contentUrl":"https:\/\/vigorous-liskov.93-95-208-88.plesk.page\/wp-content\/uploads\/2020\/11\/logo-satelittle-dark.svg","width":298,"height":76,"caption":"Satelittle"},"image":{"@id":"https:\/\/vigorous-liskov.93-95-208-88.plesk.page\/#\/schema\/logo\/image\/"}}]}},"_links":{"self":[{"href":"https:\/\/vigorous-liskov.93-95-208-88.plesk.page\/es\/wp-json\/wp\/v2\/pages\/11","targetHints":{"allow":["GET"]}}],"collection":[{"href":"https:\/\/vigorous-liskov.93-95-208-88.plesk.page\/es\/wp-json\/wp\/v2\/pages"}],"about":[{"href":"https:\/\/vigorous-liskov.93-95-208-88.plesk.page\/es\/wp-json\/wp\/v2\/types\/page"}],"author":[{"embeddable":true,"href":"https:\/\/vigorous-liskov.93-95-208-88.plesk.page\/es\/wp-json\/wp\/v2\/users\/1"}],"replies":[{"embeddable":true,"href":"https:\/\/vigorous-liskov.93-95-208-88.plesk.page\/es\/wp-json\/wp\/v2\/comments?post=11"}],"version-history":[{"count":146,"href":"https:\/\/vigorous-liskov.93-95-208-88.plesk.page\/es\/wp-json\/wp\/v2\/pages\/11\/revisions"}],"predecessor-version":[{"id":2994,"href":"https:\/\/vigorous-liskov.93-95-208-88.plesk.page\/es\/wp-json\/wp\/v2\/pages\/11\/revisions\/2994"}],"wp:attachment":[{"href":"https:\/\/vigorous-liskov.93-95-208-88.plesk.page\/es\/wp-json\/wp\/v2\/media?parent=11"}],"curies":[{"name":"wp","href":"https:\/\/api.w.org\/{rel}","templated":true}]}}