{"id":148,"date":"2020-11-08T19:32:07","date_gmt":"2020-11-08T18:32:07","guid":{"rendered":"https:\/\/satelittle.digitis.net\/?page_id=148"},"modified":"2021-10-04T12:03:29","modified_gmt":"2021-10-04T10:03:29","slug":"servicios","status":"publish","type":"page","link":"https:\/\/vigorous-liskov.93-95-208-88.plesk.page\/es\/servicios\/","title":{"rendered":"Servicios"},"content":{"rendered":"\t<section class=\"section deg-7\" id=\"section_425683898\">\n\t\t<div class=\"bg section-bg fill bg-fill  bg-loaded\" >\n\n\t\t\t\n\t\t\t\n\t\t\t\n\n\t\t<\/div>\n\n\t\t<div class=\"section-content relative\">\n\t\t\t\n\t<div id=\"gap-1507429738\" class=\"gap-element clearfix\" style=\"display:block; height:auto;\">\n\t\t\n<style>\n#gap-1507429738 {\n  padding-top: 70px;\n}\n@media (min-width:550px) {\n  #gap-1507429738 {\n    padding-top: 170px;\n  }\n}\n<\/style>\n\t<\/div>\n\t\n<div class=\"row align-center\"  id=\"row-615712714\">\n\n\t<div id=\"col-2027014087\" class=\"col medium-10 small-12 large-10\"  >\n\t\t<div class=\"col-inner\"  >\n\t\t\t\n\t\t\t\n<h1 style=\"font-size: var(--font-size-h1-l); color:white\">Dise\u00f1os exclusivos<\/h1>\n<h2 style=\"font-size: var(--font-size-h1);\">Satelittle desarrolla dise\u00f1os exclusivos para empresas que necesitan un servicio de dise\u00f1o personalizado, adapt\u00e1ndonos a las necesidades e identidad de su marca.<\/h2>\n<h3 style=\"font-size: var(--font-size-h1);\">Creamos soluciones gr\u00e1ficas y dise\u00f1os \u00fanicos a medida. Somos especialistas en el sector de la puericultura e infantil.<\/h3>\n\t\t<\/div>\n\t\t\t<\/div>\n\n\t\n<\/div>\n\t<div id=\"gap-465485529\" class=\"gap-element clearfix\" style=\"display:block; height:auto;\">\n\t\t\n<style>\n#gap-465485529 {\n  padding-top: 30px;\n}\n<\/style>\n\t<\/div>\n\t\n<div class=\"row align-center\"  id=\"row-101755635\">\n\n\t<div id=\"col-1238320458\" class=\"col medium-10 small-12 large-10\"  >\n\t\t<div class=\"col-inner\"  >\n\t\t\t\n\t\t\t\n<h2 style=\"font-size: var(--font-size-h1-l); color:white\">Consultor\u00eda<\/h2>\n<h3 style=\"font-size: var(--font-size-h1);\">Asesoramiento externo para empresas. An\u00e1lisis y mejora en su estrategia de producto, dise\u00f1o y marca, siempre conscientes del consumidor al que se dirigen.<\/h3>\n<h4 style=\"font-size: var(--font-size-h1);\">Ofrecemos nuestra visi\u00f3n y experiencia en estudios personalizados, como gu\u00eda para decisiones acertadas respecto a sus productos y servicios.<\/h4>\n\t\t<\/div>\n\t\t\t<\/div>\n\n\t\n<\/div>\n\t<div id=\"gap-1589429014\" class=\"gap-element clearfix\" style=\"display:block; height:auto;\">\n\t\t\n<style>\n#gap-1589429014 {\n  padding-top: 30px;\n}\n<\/style>\n\t<\/div>\n\t\n<div class=\"row align-center\"  id=\"row-1988771983\">\n\n\t<div id=\"col-1894705503\" class=\"col our-work-col small-12 large-12\"  >\n\t\t<div class=\"col-inner\"  >\n\t\t\t\n\t\t\t\n\t\t<\/div>\n\t\t\t<\/div>\n\n\t\n<\/div>\n\t\t<\/div>\n\n\t\t\n<style>\n#section_425683898 {\n  padding-top: 30px;\n  padding-bottom: 30px;\n}\n<\/style>\n\t<\/section>\n\t\n","protected":false},"excerpt":{"rendered":"","protected":false},"author":1,"featured_media":0,"parent":0,"menu_order":0,"comment_status":"closed","ping_status":"closed","template":"page-transparent-header.php","meta":{"_acf_changed":false,"footnotes":""},"class_list":["post-148","page","type-page","status-publish","hentry"],"acf":[],"yoast_head":"<!-- This site is optimized with the Yoast SEO plugin v27.4 - https:\/\/yoast.com\/product\/yoast-seo-wordpress\/ -->\n<title>Satelittle - Servicios<\/title>\n<meta name=\"description\" content=\"Conoce todos nuestros servicios. Creamos soluciones con dise\u00f1os exclusivos y te ofrecemos nuestra visi\u00f3n y experiencia en consultor\u00eda.\" \/>\n<meta name=\"robots\" content=\"index, follow, max-snippet:-1, max-image-preview:large, max-video-preview:-1\" \/>\n<link rel=\"canonical\" href=\"https:\/\/vigorous-liskov.93-95-208-88.plesk.page\/es\/servicios\/\" \/>\n<meta property=\"og:locale\" content=\"es_ES\" \/>\n<meta property=\"og:type\" content=\"article\" \/>\n<meta property=\"og:title\" content=\"Satelittle - Servicios\" \/>\n<meta property=\"og:description\" content=\"Conoce todos nuestros servicios. Creamos soluciones con dise\u00f1os exclusivos y te ofrecemos nuestra visi\u00f3n y experiencia en consultor\u00eda.\" \/>\n<meta property=\"og:url\" content=\"https:\/\/vigorous-liskov.93-95-208-88.plesk.page\/es\/servicios\/\" \/>\n<meta property=\"og:site_name\" content=\"Satelittle\" \/>\n<meta property=\"article:modified_time\" content=\"2021-10-04T10:03:29+00:00\" \/>\n<meta name=\"twitter:card\" content=\"summary_large_image\" \/>\n<meta name=\"twitter:label1\" content=\"Tiempo de lectura\" \/>\n\t<meta name=\"twitter:data1\" content=\"1 minuto\" \/>\n<script type=\"application\/ld+json\" class=\"yoast-schema-graph\">{\"@context\":\"https:\\\/\\\/schema.org\",\"@graph\":[{\"@type\":\"WebPage\",\"@id\":\"https:\\\/\\\/vigorous-liskov.93-95-208-88.plesk.page\\\/es\\\/servicios\\\/\",\"url\":\"https:\\\/\\\/vigorous-liskov.93-95-208-88.plesk.page\\\/es\\\/servicios\\\/\",\"name\":\"Satelittle - Servicios\",\"isPartOf\":{\"@id\":\"https:\\\/\\\/vigorous-liskov.93-95-208-88.plesk.page\\\/#website\"},\"datePublished\":\"2020-11-08T18:32:07+00:00\",\"dateModified\":\"2021-10-04T10:03:29+00:00\",\"description\":\"Conoce todos nuestros servicios. Creamos soluciones con dise\u00f1os exclusivos y te ofrecemos nuestra visi\u00f3n y experiencia en consultor\u00eda.\",\"breadcrumb\":{\"@id\":\"https:\\\/\\\/vigorous-liskov.93-95-208-88.plesk.page\\\/es\\\/servicios\\\/#breadcrumb\"},\"inLanguage\":\"es\",\"potentialAction\":[{\"@type\":\"ReadAction\",\"target\":[\"https:\\\/\\\/vigorous-liskov.93-95-208-88.plesk.page\\\/es\\\/servicios\\\/\"]}]},{\"@type\":\"BreadcrumbList\",\"@id\":\"https:\\\/\\\/vigorous-liskov.93-95-208-88.plesk.page\\\/es\\\/servicios\\\/#breadcrumb\",\"itemListElement\":[{\"@type\":\"ListItem\",\"position\":1,\"name\":\"Portada\",\"item\":\"https:\\\/\\\/vigorous-liskov.93-95-208-88.plesk.page\\\/es\\\/\"},{\"@type\":\"ListItem\",\"position\":2,\"name\":\"Servicios\"}]},{\"@type\":\"WebSite\",\"@id\":\"https:\\\/\\\/vigorous-liskov.93-95-208-88.plesk.page\\\/#website\",\"url\":\"https:\\\/\\\/vigorous-liskov.93-95-208-88.plesk.page\\\/\",\"name\":\"Satelittle\",\"description\":\"We think &amp; create\",\"publisher\":{\"@id\":\"https:\\\/\\\/vigorous-liskov.93-95-208-88.plesk.page\\\/#organization\"},\"potentialAction\":[{\"@type\":\"SearchAction\",\"target\":{\"@type\":\"EntryPoint\",\"urlTemplate\":\"https:\\\/\\\/vigorous-liskov.93-95-208-88.plesk.page\\\/?s={search_term_string}\"},\"query-input\":{\"@type\":\"PropertyValueSpecification\",\"valueRequired\":true,\"valueName\":\"search_term_string\"}}],\"inLanguage\":\"es\"},{\"@type\":\"Organization\",\"@id\":\"https:\\\/\\\/vigorous-liskov.93-95-208-88.plesk.page\\\/#organization\",\"name\":\"Satelittle\",\"url\":\"https:\\\/\\\/vigorous-liskov.93-95-208-88.plesk.page\\\/\",\"logo\":{\"@type\":\"ImageObject\",\"inLanguage\":\"es\",\"@id\":\"https:\\\/\\\/vigorous-liskov.93-95-208-88.plesk.page\\\/#\\\/schema\\\/logo\\\/image\\\/\",\"url\":\"https:\\\/\\\/vigorous-liskov.93-95-208-88.plesk.page\\\/wp-content\\\/uploads\\\/2020\\\/11\\\/logo-satelittle-dark.svg\",\"contentUrl\":\"https:\\\/\\\/vigorous-liskov.93-95-208-88.plesk.page\\\/wp-content\\\/uploads\\\/2020\\\/11\\\/logo-satelittle-dark.svg\",\"width\":298,\"height\":76,\"caption\":\"Satelittle\"},\"image\":{\"@id\":\"https:\\\/\\\/vigorous-liskov.93-95-208-88.plesk.page\\\/#\\\/schema\\\/logo\\\/image\\\/\"}}]}<\/script>\n<!-- \/ Yoast SEO plugin. -->","yoast_head_json":{"title":"Satelittle - Servicios","description":"Conoce todos nuestros servicios. Creamos soluciones con dise\u00f1os exclusivos y te ofrecemos nuestra visi\u00f3n y experiencia en consultor\u00eda.","robots":{"index":"index","follow":"follow","max-snippet":"max-snippet:-1","max-image-preview":"max-image-preview:large","max-video-preview":"max-video-preview:-1"},"canonical":"https:\/\/vigorous-liskov.93-95-208-88.plesk.page\/es\/servicios\/","og_locale":"es_ES","og_type":"article","og_title":"Satelittle - Servicios","og_description":"Conoce todos nuestros servicios. Creamos soluciones con dise\u00f1os exclusivos y te ofrecemos nuestra visi\u00f3n y experiencia en consultor\u00eda.","og_url":"https:\/\/vigorous-liskov.93-95-208-88.plesk.page\/es\/servicios\/","og_site_name":"Satelittle","article_modified_time":"2021-10-04T10:03:29+00:00","twitter_card":"summary_large_image","twitter_misc":{"Tiempo de lectura":"1 minuto"},"schema":{"@context":"https:\/\/schema.org","@graph":[{"@type":"WebPage","@id":"https:\/\/vigorous-liskov.93-95-208-88.plesk.page\/es\/servicios\/","url":"https:\/\/vigorous-liskov.93-95-208-88.plesk.page\/es\/servicios\/","name":"Satelittle - Servicios","isPartOf":{"@id":"https:\/\/vigorous-liskov.93-95-208-88.plesk.page\/#website"},"datePublished":"2020-11-08T18:32:07+00:00","dateModified":"2021-10-04T10:03:29+00:00","description":"Conoce todos nuestros servicios. Creamos soluciones con dise\u00f1os exclusivos y te ofrecemos nuestra visi\u00f3n y experiencia en consultor\u00eda.","breadcrumb":{"@id":"https:\/\/vigorous-liskov.93-95-208-88.plesk.page\/es\/servicios\/#breadcrumb"},"inLanguage":"es","potentialAction":[{"@type":"ReadAction","target":["https:\/\/vigorous-liskov.93-95-208-88.plesk.page\/es\/servicios\/"]}]},{"@type":"BreadcrumbList","@id":"https:\/\/vigorous-liskov.93-95-208-88.plesk.page\/es\/servicios\/#breadcrumb","itemListElement":[{"@type":"ListItem","position":1,"name":"Portada","item":"https:\/\/vigorous-liskov.93-95-208-88.plesk.page\/es\/"},{"@type":"ListItem","position":2,"name":"Servicios"}]},{"@type":"WebSite","@id":"https:\/\/vigorous-liskov.93-95-208-88.plesk.page\/#website","url":"https:\/\/vigorous-liskov.93-95-208-88.plesk.page\/","name":"Satelittle","description":"We think &amp; create","publisher":{"@id":"https:\/\/vigorous-liskov.93-95-208-88.plesk.page\/#organization"},"potentialAction":[{"@type":"SearchAction","target":{"@type":"EntryPoint","urlTemplate":"https:\/\/vigorous-liskov.93-95-208-88.plesk.page\/?s={search_term_string}"},"query-input":{"@type":"PropertyValueSpecification","valueRequired":true,"valueName":"search_term_string"}}],"inLanguage":"es"},{"@type":"Organization","@id":"https:\/\/vigorous-liskov.93-95-208-88.plesk.page\/#organization","name":"Satelittle","url":"https:\/\/vigorous-liskov.93-95-208-88.plesk.page\/","logo":{"@type":"ImageObject","inLanguage":"es","@id":"https:\/\/vigorous-liskov.93-95-208-88.plesk.page\/#\/schema\/logo\/image\/","url":"https:\/\/vigorous-liskov.93-95-208-88.plesk.page\/wp-content\/uploads\/2020\/11\/logo-satelittle-dark.svg","contentUrl":"https:\/\/vigorous-liskov.93-95-208-88.plesk.page\/wp-content\/uploads\/2020\/11\/logo-satelittle-dark.svg","width":298,"height":76,"caption":"Satelittle"},"image":{"@id":"https:\/\/vigorous-liskov.93-95-208-88.plesk.page\/#\/schema\/logo\/image\/"}}]}},"_links":{"self":[{"href":"https:\/\/vigorous-liskov.93-95-208-88.plesk.page\/es\/wp-json\/wp\/v2\/pages\/148","targetHints":{"allow":["GET"]}}],"collection":[{"href":"https:\/\/vigorous-liskov.93-95-208-88.plesk.page\/es\/wp-json\/wp\/v2\/pages"}],"about":[{"href":"https:\/\/vigorous-liskov.93-95-208-88.plesk.page\/es\/wp-json\/wp\/v2\/types\/page"}],"author":[{"embeddable":true,"href":"https:\/\/vigorous-liskov.93-95-208-88.plesk.page\/es\/wp-json\/wp\/v2\/users\/1"}],"replies":[{"embeddable":true,"href":"https:\/\/vigorous-liskov.93-95-208-88.plesk.page\/es\/wp-json\/wp\/v2\/comments?post=148"}],"version-history":[{"count":7,"href":"https:\/\/vigorous-liskov.93-95-208-88.plesk.page\/es\/wp-json\/wp\/v2\/pages\/148\/revisions"}],"predecessor-version":[{"id":743,"href":"https:\/\/vigorous-liskov.93-95-208-88.plesk.page\/es\/wp-json\/wp\/v2\/pages\/148\/revisions\/743"}],"wp:attachment":[{"href":"https:\/\/vigorous-liskov.93-95-208-88.plesk.page\/es\/wp-json\/wp\/v2\/media?parent=148"}],"curies":[{"name":"wp","href":"https:\/\/api.w.org\/{rel}","templated":true}]}}